{"id":9,"date":"2026-02-17T09:27:27","date_gmt":"2026-02-17T08:27:27","guid":{"rendered":"http:\/\/www.kohlfahrt24.de\/?page_id=9"},"modified":"2026-04-09T10:12:56","modified_gmt":"2026-04-09T08:12:56","slug":"impressum","status":"publish","type":"page","link":"https:\/\/lilievital.de\/?page_id=9","title":{"rendered":"Impressum"},"content":{"rendered":"\n<div class=\"wp-block-cover alignfull\" style=\"min-height:227px;aspect-ratio:unset;\"><span aria-hidden=\"true\" class=\"wp-block-cover__background has-nv-site-bg-background-color has-background-dim-100 has-background-dim\"><\/span><div class=\"wp-block-cover__inner-container is-layout-flow wp-block-cover-is-layout-flow\">\n<div class=\"wp-block-group\" style=\"padding-right:var(--wp--preset--spacing--30);padding-left:var(--wp--preset--spacing--30)\"><div class=\"wp-block-group__inner-container is-layout-flow wp-block-group-is-layout-flow\">\n<h1 class=\"wp-block-heading has-text-align-left has-neve-text-color-color has-text-color\">Impressum<\/h1>\n\n\n\n<p>L<\/p>\n<\/div><\/div>\n<\/div><\/div>\n\n\n\n<p>Lilie Vital e.V.&nbsp;<\/p>\n\n\n\n<p>Friedhofstra\u00dfe 29&nbsp;<\/p>\n\n\n\n<p>28865 Lilienthal<\/p>\n\n\n\n<p>**Vertreten durch den Vorstand:**&nbsp;<\/p>\n\n\n\n<p>Robert Klein (Alleinvorstand)<\/p>\n\n\n\n<p>**Kontakt:**&nbsp;<\/p>\n\n\n\n<p>Telefon: 0178 140 70 94&nbsp;<\/p>\n\n\n\n<p>E\u2011Mail: info@lilie-vital.de<\/p>\n\n\n\n<p>**Registereintrag:**&nbsp;<\/p>\n\n\n\n<p>Eingetragen im Vereinsregister.&nbsp;<\/p>\n\n\n\n<p>Registergericht: Amtsgericht Walsrode&nbsp;<\/p>\n\n\n\n<p>Registernummer: VR 202059<\/p>\n\n\n\n<p>**Gemeinn\u00fctzigkeit:**&nbsp;<\/p>\n\n\n\n<p>Der Verein verfolgt ausschlie\u00dflich und unmittelbar gemeinn\u00fctzige Zwecke im Sinne der Abgabenordnung.&nbsp;<\/p>\n\n\n\n<p>Die Anerkennung der Gemeinn\u00fctzigkeit ist beim Finanzamt beantragt.<\/p>\n\n\n\n<p>**Inhaltlich verantwortlich gem\u00e4\u00df \u00a7\u202f18 Abs.\u202f2 MStV:**&nbsp;<\/p>\n\n\n\n<p>Robert Klein&nbsp;<\/p>\n\n\n\n<p>Friedhofstra\u00dfe 29&nbsp;<\/p>\n\n\n\n<p>28865 Lilienthal<\/p>\n\n\n\n<p>&#8212;<\/p>\n\n\n\n<p># **Hinweis auf EU\u2011Streitschlichtung**<\/p>\n\n\n\n<p>Die Europ\u00e4ische Kommission stellt eine Plattform zur Online\u2011Streitbeilegung (OS) bereit:&nbsp;<\/p>\n\n\n\n<figure class=\"wp-block-embed\"><div class=\"wp-block-embed__wrapper\">\nhttps:\/\/ec.europa.eu\/consumers\/odr\n<\/div><\/figure>\n\n\n\n<p>Wir sind nicht verpflichtet und nicht bereit, an einem Streitbeilegungsverfahren vor einer Verbraucherschlichtungsstelle teilzunehmen.<\/p>\n\n\n\n<p>&#8212;<\/p>\n\n\n\n<p># **Haftungsausschluss**<\/p>\n\n\n\n<p>**Haftung f\u00fcr Inhalte**&nbsp;<\/p>\n\n\n\n<p>Als Diensteanbieter sind wir gem\u00e4\u00df \u00a7\u202f7 Abs.\u202f1 TMG f\u00fcr eigene Inhalte auf diesen Seiten nach den allgemeinen Gesetzen verantwortlich.&nbsp;<\/p>\n\n\n\n<p>Nach \u00a7\u00a7\u202f8 bis 10 TMG sind wir jedoch nicht verpflichtet, \u00fcbermittelte oder gespeicherte fremde Informationen zu \u00fcberwachen oder nach Umst\u00e4nden zu forschen, die auf eine rechtswidrige T\u00e4tigkeit hinweisen.<\/p>\n\n\n\n<p>**Haftung f\u00fcr Links**&nbsp;<\/p>\n\n\n\n<p>Unser Angebot enth\u00e4lt Links zu externen Websites Dritter, auf deren Inhalte wir keinen Einfluss haben.&nbsp;<\/p>\n\n\n\n<p>F\u00fcr die Inhalte der verlinkten Seiten ist stets der jeweilige Anbieter oder Betreiber verantwortlich.<\/p>\n\n\n\n<p>**Urheberrecht**&nbsp;<\/p>\n\n\n\n<p>Die durch den Seitenbetreiber erstellten Inhalte und Werke auf diesen Seiten unterliegen dem deutschen Urheberrecht.<\/p>\n\n\n\n<p><\/p>\n","protected":false},"excerpt":{"rendered":"<p>Lilie Vital e.V.&nbsp; Friedhofstra\u00dfe 29&nbsp; 28865 Lilienthal **Vertreten durch den Vorstand:**&nbsp; Robert Klein (Alleinvorstand) **Kontakt:**&nbsp; Telefon: 0178 140 70 94&nbsp; E\u2011Mail: info@lilie-vital.de **Registereintrag:**&nbsp; Eingetragen im Vereinsregister.&nbsp; Registergericht: Amtsgericht Walsrode&nbsp; Registernummer: VR 202059 **Gemeinn\u00fctzigkeit:**&nbsp; Der Verein verfolgt ausschlie\u00dflich und unmittelbar gemeinn\u00fctzige Zwecke im Sinne der Abgabenordnung.&nbsp; Die Anerkennung der Gemeinn\u00fctzigkeit ist beim Finanzamt beantragt. **Inhaltlich verantwortlich&hellip;&nbsp;<a href=\"https:\/\/lilievital.de\/?page_id=9\" rel=\"bookmark\"><span class=\"screen-reader-text\">Impressum<\/span><\/a><\/p>\n","protected":false},"author":1,"featured_media":0,"parent":0,"menu_order":0,"comment_status":"closed","ping_status":"closed","template":"","meta":{"neve_meta_sidebar":"","neve_meta_container":"","neve_meta_enable_content_width":"on","neve_meta_content_width":100,"neve_meta_title_alignment":"","neve_meta_author_avatar":"","neve_post_elements_order":"","neve_meta_disable_header":"","neve_meta_disable_footer":"","neve_meta_disable_title":"on","footnotes":""},"class_list":["post-9","page","type-page","status-publish","hentry"],"_links":{"self":[{"href":"https:\/\/lilievital.de\/index.php?rest_route=\/wp\/v2\/pages\/9","targetHints":{"allow":["GET"]}}],"collection":[{"href":"https:\/\/lilievital.de\/index.php?rest_route=\/wp\/v2\/pages"}],"about":[{"href":"https:\/\/lilievital.de\/index.php?rest_route=\/wp\/v2\/types\/page"}],"author":[{"embeddable":true,"href":"https:\/\/lilievital.de\/index.php?rest_route=\/wp\/v2\/users\/1"}],"replies":[{"embeddable":true,"href":"https:\/\/lilievital.de\/index.php?rest_route=%2Fwp%2Fv2%2Fcomments&post=9"}],"version-history":[{"count":4,"href":"https:\/\/lilievital.de\/index.php?rest_route=\/wp\/v2\/pages\/9\/revisions"}],"predecessor-version":[{"id":106,"href":"https:\/\/lilievital.de\/index.php?rest_route=\/wp\/v2\/pages\/9\/revisions\/106"}],"wp:attachment":[{"href":"https:\/\/lilievital.de\/index.php?rest_route=%2Fwp%2Fv2%2Fmedia&parent=9"}],"curies":[{"name":"wp","href":"https:\/\/api.w.org\/{rel}","templated":true}]}}