{"id":59,"date":"2026-02-17T15:19:31","date_gmt":"2026-02-17T14:19:31","guid":{"rendered":"http:\/\/www.kohlfahrt24.de\/?page_id=59"},"modified":"2026-04-06T14:20:28","modified_gmt":"2026-04-06T12:20:28","slug":"ueber-uns","status":"publish","type":"page","link":"https:\/\/lilievital.de\/?page_id=59","title":{"rendered":"\u00dcber uns"},"content":{"rendered":"\n<p>Lilie Vital e.V. ist ein gemeinn\u00fctziger Verein, der Menschen im Alltag st\u00e4rkt und Familien entlastet. Wir m\u00f6chten dort helfen, wo Unterst\u00fctzung gebraucht wird \u2013 im Haushalt, in besonderen Lebenssituationen, bei der Betreuung oder einfach im t\u00e4glichen Miteinander.<\/p>\n\n\n\n<p>Unsere Arbeit lebt von Menschlichkeit, Vertrauen und echter Zuwendung. Wir nehmen uns Zeit, h\u00f6ren zu und gestalten Unterst\u00fctzung so, dass sie wirklich ankommt. Als Verein stehen wir f\u00fcr Gemeinschaft, Verantwortung und ein Miteinander, das tr\u00e4gt.<\/p>\n\n\n\n<p>Gemeinsam schaffen wir mehr Lebensqualit\u00e4t \u2013 Schritt f\u00fcr Schritt, Tag f\u00fcr Tag.<\/p>\n\n\n\n<p><\/p>\n","protected":false},"excerpt":{"rendered":"<p>Lilie Vital e.V. ist ein gemeinn\u00fctziger Verein, der Menschen im Alltag st\u00e4rkt und Familien entlastet. Wir m\u00f6chten dort helfen, wo Unterst\u00fctzung gebraucht wird \u2013 im Haushalt, in besonderen Lebenssituationen, bei der Betreuung oder einfach im t\u00e4glichen Miteinander. Unsere Arbeit lebt von Menschlichkeit, Vertrauen und echter Zuwendung. Wir nehmen uns Zeit, h\u00f6ren zu und gestalten Unterst\u00fctzung&hellip;&nbsp;<a href=\"https:\/\/lilievital.de\/?page_id=59\" rel=\"bookmark\"><span class=\"screen-reader-text\">\u00dcber uns<\/span><\/a><\/p>\n","protected":false},"author":1,"featured_media":0,"parent":0,"menu_order":0,"comment_status":"closed","ping_status":"closed","template":"","meta":{"neve_meta_sidebar":"","neve_meta_container":"","neve_meta_enable_content_width":"","neve_meta_content_width":0,"neve_meta_title_alignment":"","neve_meta_author_avatar":"","neve_post_elements_order":"","neve_meta_disable_header":"","neve_meta_disable_footer":"","neve_meta_disable_title":"","footnotes":""},"class_list":["post-59","page","type-page","status-publish","hentry"],"_links":{"self":[{"href":"https:\/\/lilievital.de\/index.php?rest_route=\/wp\/v2\/pages\/59","targetHints":{"allow":["GET"]}}],"collection":[{"href":"https:\/\/lilievital.de\/index.php?rest_route=\/wp\/v2\/pages"}],"about":[{"href":"https:\/\/lilievital.de\/index.php?rest_route=\/wp\/v2\/types\/page"}],"author":[{"embeddable":true,"href":"https:\/\/lilievital.de\/index.php?rest_route=\/wp\/v2\/users\/1"}],"replies":[{"embeddable":true,"href":"https:\/\/lilievital.de\/index.php?rest_route=%2Fwp%2Fv2%2Fcomments&post=59"}],"version-history":[{"count":2,"href":"https:\/\/lilievital.de\/index.php?rest_route=\/wp\/v2\/pages\/59\/revisions"}],"predecessor-version":[{"id":90,"href":"https:\/\/lilievital.de\/index.php?rest_route=\/wp\/v2\/pages\/59\/revisions\/90"}],"wp:attachment":[{"href":"https:\/\/lilievital.de\/index.php?rest_route=%2Fwp%2Fv2%2Fmedia&parent=59"}],"curies":[{"name":"wp","href":"https:\/\/api.w.org\/{rel}","templated":true}]}}