{"id":56,"date":"2026-02-17T15:13:25","date_gmt":"2026-02-17T14:13:25","guid":{"rendered":"http:\/\/www.kohlfahrt24.de\/?page_id=56"},"modified":"2026-04-06T14:48:54","modified_gmt":"2026-04-06T12:48:54","slug":"finanzierung","status":"publish","type":"page","link":"https:\/\/lilievital.de\/?page_id=56","title":{"rendered":"Finanzierung"},"content":{"rendered":"\n<p><strong>Finanzierung unserer Leistungen<\/strong><\/p>\n\n\n\n<p>Bei Lilie Vital e.V. unterst\u00fctzen wir Menschen in besonderen Lebenssituationen \u2013 zuverl\u00e4ssig, alltagsnah und ohne b\u00fcrokratische H\u00fcrden. Viele unserer Leistungen k\u00f6nnen vollst\u00e4ndig oder teilweise von den Kranken\u2011 und Pflegekassen \u00fcbernommen werden. Hier finden Sie eine verst\u00e4ndliche \u00dcbersicht.<\/p>\n\n\n\n<p>&#8212;<\/p>\n\n\n\n<p>Leistungen der Pflegekasse (\u00a7\u202f45a SGB XI \u2013 Angebote zur Unterst\u00fctzung im Alltag)<\/p>\n\n\n\n<p>Als anerkannter Anbieter nach \u00a7\u202f45a SGB XI bieten wir folgende Leistungen an:<\/p>\n\n\n\n<p>&#8211; Alltagsbegleitung&nbsp;<\/p>\n\n\n\n<p>&#8211; Betreuung im h\u00e4uslichen Umfeld&nbsp;<\/p>\n\n\n\n<p>&#8211; Unterst\u00fctzung im Haushalt&nbsp;<\/p>\n\n\n\n<p><\/p>\n\n\n\n<p>Finanzierung:<\/p>\n\n\n\n<p>Diese Leistungen k\u00f6nnen \u00fcber den **Entlastungsbetrag von 131 \u20ac pro Monat** abgerechnet werden.\u00a0<\/p>\n\n\n\n<p>Pflegegrade 1\u20135 sind anspruchsberechtigt.<\/p>\n\n\n\n<p>&#8212;<\/p>\n\n\n\n<p>Verhinderungspflege (\u00a7\u202f39 SGB XI)<\/p>\n\n\n\n<p>Wenn die Pflegeperson verhindert ist (Arbeit, Krankheit, Termine), \u00fcbernehmen wir stundenweise die Betreuung.<\/p>\n\n\n\n<p>Finanzierung:<\/p>\n\n\n\n<p>&#8211; Bis zu 1.612 \u20ac pro Jahr<\/p>\n\n\n\n<p>&#8211; Zus\u00e4tzlich k\u00f6nnen bis zu 806 \u20ac aus der Kurzzeitpflege \u00fcbertragen werden\u00a0<\/p>\n\n\n\n<p>&#8211; Pflegegrad 2\u20135 erforderlich&nbsp;<\/p>\n\n\n\n<p>Wichtig:<\/p>\n\n\n\n<p>Wir bieten ausschlie\u00dflich **betreuende und entlastende T\u00e4tigkeiten**, keine pflegerischen Leistungen.<\/p>\n\n\n\n<p>&#8212;<\/p>\n\n\n\n<p>Haushaltshilfe bei Risikoschwangerschaft (\u00a7\u202f24h SGB V)<\/p>\n\n\n\n<p>Bei einer \u00e4rztlich festgestellten Risikoschwangerschaft \u00fcbernehmen wir:<\/p>\n\n\n\n<p>&#8211; Haushaltshilfe&nbsp;<\/p>\n\n\n\n<p>&#8211; Kinderbetreuung&nbsp;<\/p>\n\n\n\n<p>&#8211; Alltagsunterst\u00fctzung&nbsp;<\/p>\n\n\n\n<p>Finanzierung:<\/p>\n\n\n\n<p>Die Kosten werden von der Krankenkasse \u00fcbernommen, wenn eine \u00e4rztliche Verordnung vorliegt.<\/p>\n\n\n\n<p>&#8212;<\/p>\n\n\n\n<p>Haushaltshilfe nach Unfall oder Operation (\u00a7\u202f38 SGB V)\u00a0<\/p>\n\n\n\n<p>Wenn Sie aufgrund eines Unfalls oder einer Operation Ihren Haushalt vor\u00fcbergehend nicht selbst f\u00fchren k\u00f6nnen, unterst\u00fctzen wir Sie im Alltag.<\/p>\n\n\n\n<p>**Finanzierung:**&nbsp;<\/p>\n\n\n\n<p>Mit einer \u00e4rztlichen Verordnung \u00fcbernimmt die Krankenkasse die Kosten ganz oder teilweise.<\/p>\n\n\n\n<p>&#8212;<\/p>\n\n\n\n<p>Direkte Abrechnung mit den Kassen (Abtretungserkl\u00e4rung)<\/p>\n\n\n\n<p>Damit Sie sich um nichts k\u00fcmmern m\u00fcssen, bieten wir eine **Abtretung der Leistungsanspr\u00fcche** an.<\/p>\n\n\n\n<p>Das bedeutet:<\/p>\n\n\n\n<p>&#8211; Sie unterschreiben einmalig eine Abtretungserkl\u00e4rung\u00a0<\/p>\n\n\n\n<p>&#8211; Wir rechnen direkt mit Ihrer Kranken\u2011 oder Pflegekasse ab\u00a0<\/p>\n\n\n\n<p>&#8211; Sie m\u00fcssen keine Rechnungen einreichen<\/p>\n\n\n\n<p>&#8211; Sie gehen nicht in Vorleistung\u00a0<\/p>\n\n\n\n<p>&#8211; Keine zus\u00e4tzlichen Kosten f\u00fcr Sie (au\u00dfer bei privat gew\u00fcnschten Zusatzleistungen)<\/p>\n\n\n\n<p>&#8212;<\/p>\n\n\n\n<p>Transparenz und Beratung<\/p>\n\n\n\n<p>Wir beraten Sie gern pers\u00f6nlich, welche Leistungen f\u00fcr Ihre Situation infrage kommen und wie diese finanziert werden k\u00f6nnen.&nbsp;<\/p>\n\n\n\n<p>Gemeinsam finden wir die beste L\u00f6sung \u2013 unkompliziert und ohne B\u00fcrokratie.<\/p>\n\n\n\n<p><\/p>\n\n\n\n<p><\/p>\n","protected":false},"excerpt":{"rendered":"<p>Finanzierung unserer Leistungen Bei Lilie Vital e.V. unterst\u00fctzen wir Menschen in besonderen Lebenssituationen \u2013 zuverl\u00e4ssig, alltagsnah und ohne b\u00fcrokratische H\u00fcrden. Viele unserer Leistungen k\u00f6nnen vollst\u00e4ndig oder teilweise von den Kranken\u2011 und Pflegekassen \u00fcbernommen werden. Hier finden Sie eine verst\u00e4ndliche \u00dcbersicht. &#8212; Leistungen der Pflegekasse (\u00a7\u202f45a SGB XI \u2013 Angebote zur Unterst\u00fctzung im Alltag) Als anerkannter&hellip;&nbsp;<a href=\"https:\/\/lilievital.de\/?page_id=56\" rel=\"bookmark\"><span class=\"screen-reader-text\">Finanzierung<\/span><\/a><\/p>\n","protected":false},"author":1,"featured_media":0,"parent":0,"menu_order":0,"comment_status":"closed","ping_status":"closed","template":"","meta":{"neve_meta_sidebar":"","neve_meta_container":"","neve_meta_enable_content_width":"","neve_meta_content_width":0,"neve_meta_title_alignment":"","neve_meta_author_avatar":"","neve_post_elements_order":"","neve_meta_disable_header":"","neve_meta_disable_footer":"","neve_meta_disable_title":"","footnotes":""},"class_list":["post-56","page","type-page","status-publish","hentry"],"_links":{"self":[{"href":"https:\/\/lilievital.de\/index.php?rest_route=\/wp\/v2\/pages\/56","targetHints":{"allow":["GET"]}}],"collection":[{"href":"https:\/\/lilievital.de\/index.php?rest_route=\/wp\/v2\/pages"}],"about":[{"href":"https:\/\/lilievital.de\/index.php?rest_route=\/wp\/v2\/types\/page"}],"author":[{"embeddable":true,"href":"https:\/\/lilievital.de\/index.php?rest_route=\/wp\/v2\/users\/1"}],"replies":[{"embeddable":true,"href":"https:\/\/lilievital.de\/index.php?rest_route=%2Fwp%2Fv2%2Fcomments&post=56"}],"version-history":[{"count":3,"href":"https:\/\/lilievital.de\/index.php?rest_route=\/wp\/v2\/pages\/56\/revisions"}],"predecessor-version":[{"id":98,"href":"https:\/\/lilievital.de\/index.php?rest_route=\/wp\/v2\/pages\/56\/revisions\/98"}],"wp:attachment":[{"href":"https:\/\/lilievital.de\/index.php?rest_route=%2Fwp%2Fv2%2Fmedia&parent=56"}],"curies":[{"name":"wp","href":"https:\/\/api.w.org\/{rel}","templated":true}]}}