{"id":3,"date":"2026-01-19T14:12:16","date_gmt":"2026-01-19T12:12:16","guid":{"rendered":"\/?page_id=3"},"modified":"2026-04-09T00:12:32","modified_gmt":"2026-04-08T22:12:32","slug":"datenschutzerklaerung","status":"publish","type":"page","link":"https:\/\/lilievital.de\/?page_id=3","title":{"rendered":"Datenschutzerkl\u00e4rung"},"content":{"rendered":"\n<p>Datenschutzerkl\u00e4rung f\u00fcr Lilie Vital e.V.<\/p>\n\n\n\n<p><\/p>\n\n\n\n<p>1. Verantwortliche Stelle<\/p>\n\n\n\n<p>Lilie Vital e.V.&nbsp;<\/p>\n\n\n\n<p>Friedhofstra\u00dfe 29&nbsp;<\/p>\n\n\n\n<p>28865 Lilienthal&nbsp;<\/p>\n\n\n\n<p>Deutschland&nbsp;<\/p>\n\n\n\n<p>E-Mail: info@lilievital.de&nbsp;<\/p>\n\n\n\n<p>Telefon: (0178 140 70 94)<\/p>\n\n\n\n<p>&#8212;<\/p>\n\n\n\n<p>2. Allgemeine Hinweise zur Datenverarbeitung<\/p>\n\n\n\n<p>Wir verarbeiten personenbezogene Daten der Besucher unserer Website nur, soweit dies zur Bereitstellung einer funktionsf\u00e4higen Website sowie unserer Inhalte und Leistungen erforderlich ist. Die Verarbeitung erfolgt gem\u00e4\u00df Art. 6 Abs. 1 DSGVO.<\/p>\n\n\n\n<p>&#8212;<\/p>\n\n\n\n<p>3. Server-Logfiles<\/p>\n\n\n\n<p>Beim Besuch unserer Website erhebt und speichert der Hosting-Anbieter goneo automatisch Informationen in sogenannten Server-Logfiles.<\/p>\n\n\n\n<p>Erfasst werden u.\u202fa.:<\/p>\n\n\n\n<p>&#8211; Browsertyp und Browserversion&nbsp;<\/p>\n\n\n\n<p>&#8211; verwendetes Betriebssystem&nbsp;<\/p>\n\n\n\n<p>&#8211; Referrer URL&nbsp;<\/p>\n\n\n\n<p>&#8211; Hostname des zugreifenden Rechners&nbsp;<\/p>\n\n\n\n<p>&#8211; Uhrzeit der Serveranfrage&nbsp;<\/p>\n\n\n\n<p>&#8211; IP-Adresse (gek\u00fcrzt\/anonymisiert)<\/p>\n\n\n\n<p>Diese Daten dienen der technischen Bereitstellung und Sicherheit der Website. Eine Zusammenf\u00fchrung mit anderen Datenquellen erfolgt nicht.<\/p>\n\n\n\n<p>Rechtsgrundlage: Art. 6 Abs. 1 lit. f DSGVO (berechtigtes Interesse an sicherem Betrieb)<\/p>\n\n\n\n<p>&#8212;<\/p>\n\n\n\n<p>4. Cookies<\/p>\n\n\n\n<p>Unsere Website verwendet technisch notwendige Cookies, die f\u00fcr den Betrieb der Seite erforderlich sind (z.\u202fB. Spracheinstellungen, Session\u2011Cookies).<\/p>\n\n\n\n<p>Rechtsgrundlage: Art. 6 Abs. 1 lit. f DSGVO.<\/p>\n\n\n\n<p>Wir verwenden **keine Tracking\u2011 oder Marketing\u2011Cookies**.<\/p>\n\n\n\n<p>&#8212;<\/p>\n\n\n\n<p>5. Kontaktaufnahme<\/p>\n\n\n\n<p>Wenn Sie uns per E-Mail oder Telefon kontaktieren, werden die von Ihnen \u00fcbermittelten Daten ausschlie\u00dflich zur Bearbeitung Ihres Anliegens verarbeitet.<\/p>\n\n\n\n<p>Rechtsgrundlage: Art. 6 Abs. 1 lit. b DSGVO (Vertrag\/Anfrage)<\/p>\n\n\n\n<p>&#8212;<\/p>\n\n\n\n<p>6. WordPress<\/p>\n\n\n\n<p>Unsere Website basiert auf WordPress. Dabei k\u00f6nnen technisch notwendige Funktionen Daten verarbeiten, z.\u202fB.:<\/p>\n\n\n\n<p>&#8211; Speicherung von Einstellungen&nbsp;<\/p>\n\n\n\n<p>&#8211; Spam\u2011Schutz&nbsp;<\/p>\n\n\n\n<p>&#8211; Sicherheitsfunktionen<\/p>\n\n\n\n<p>Es werden **keine personenbezogenen Daten an WordPress.com oder Automattic \u00fcbertragen**, da wir WordPress lokal auf unserem Server betreiben.<\/p>\n\n\n\n<p>&#8212;<\/p>\n\n\n\n<p>7. Eingebettete Inhalte<\/p>\n\n\n\n<p>Falls auf einzelnen Seiten Inhalte von Drittanbietern eingebettet werden (z.\u202fB. YouTube\u2011Videos, Karten, externe Links), k\u00f6nnen diese Dienste eigene Daten erheben.<\/p>\n\n\n\n<p>Aktuell verwenden wir **keine eingebetteten Inhalte**.&nbsp;<\/p>\n\n\n\n<p>Wenn dies zuk\u00fcnftig geschieht, wird diese Erkl\u00e4rung entsprechend erg\u00e4nzt.<\/p>\n\n\n\n<p>&#8212;<\/p>\n\n\n\n<p>8. Weitergabe von Daten<\/p>\n\n\n\n<p>Eine Weitergabe personenbezogener Daten an Dritte erfolgt nur, wenn:<\/p>\n\n\n\n<p>&#8211; dies gesetzlich vorgeschrieben ist&nbsp;<\/p>\n\n\n\n<p>&#8211; dies zur Vertragserf\u00fcllung notwendig ist&nbsp;<\/p>\n\n\n\n<p>&#8211; Sie ausdr\u00fccklich eingewilligt haben<\/p>\n\n\n\n<p>&#8212;<\/p>\n\n\n\n<p>9. Ihre Rechte<\/p>\n\n\n\n<p>Sie haben jederzeit das Recht auf:<\/p>\n\n\n\n<p>&#8211; Auskunft \u00fcber gespeicherte Daten&nbsp;<\/p>\n\n\n\n<p>&#8211; Berichtigung unrichtiger Daten&nbsp;<\/p>\n\n\n\n<p>&#8211; L\u00f6schung Ihrer Daten&nbsp;<\/p>\n\n\n\n<p>&#8211; Einschr\u00e4nkung der Verarbeitung&nbsp;<\/p>\n\n\n\n<p>&#8211; Widerspruch gegen die Verarbeitung&nbsp;<\/p>\n\n\n\n<p>&#8211; Daten\u00fcbertragbarkeit&nbsp;<\/p>\n\n\n\n<p>Anfragen richten Sie bitte an die oben genannte Kontaktadresse.<\/p>\n\n\n\n<p>&#8212;<\/p>\n\n\n\n<p>10. Widerruf von Einwilligungen<\/p>\n\n\n\n<p>Sie k\u00f6nnen eine erteilte Einwilligung jederzeit mit Wirkung f\u00fcr die Zukunft widerrufen.<\/p>\n\n\n\n<p>&#8212;<\/p>\n\n\n\n<p>11. Beschwerderecht<\/p>\n\n\n\n<p>Sie haben das Recht, sich bei der zust\u00e4ndigen Aufsichtsbeh\u00f6rde zu beschweren:<\/p>\n\n\n\n<p>Landesbeauftragte f\u00fcr Datenschutz Niedersachsen&nbsp;<\/p>\n\n\n\n<p>Prinzenstra\u00dfe 5&nbsp;<\/p>\n\n\n\n<p>30159 Hannover<\/p>\n\n\n\n<p>&#8212;<\/p>\n\n\n\n<p>## **12. Sicherheit**<\/p>\n\n\n\n<p>Wir verwenden SSL\u2011Verschl\u00fcsselung (https), um die \u00dcbertragung vertraulicher Inhalte zu sch\u00fctzen.<\/p>\n\n\n\n<p>&#8212;<\/p>\n\n\n\n<p>13. Aktualit\u00e4t<\/p>\n\n\n\n<p>Diese Datenschutzerkl\u00e4rung entspricht dem Stand vom **April 2026**.&nbsp;<\/p>\n\n\n\n<p>Wir passen sie an, sobald sich gesetzliche Vorgaben oder technische \u00c4nderungen ergeben.<\/p>\n\n\n\n<p>&#8212;<\/p>\n","protected":false},"excerpt":{"rendered":"<p>Datenschutzerkl\u00e4rung f\u00fcr Lilie Vital e.V. 1. Verantwortliche Stelle Lilie Vital e.V.&nbsp; Friedhofstra\u00dfe 29&nbsp; 28865 Lilienthal&nbsp; Deutschland&nbsp; E-Mail: info@lilievital.de&nbsp; Telefon: (0178 140 70 94) &#8212; 2. Allgemeine Hinweise zur Datenverarbeitung Wir verarbeiten personenbezogene Daten der Besucher unserer Website nur, soweit dies zur Bereitstellung einer funktionsf\u00e4higen Website sowie unserer Inhalte und Leistungen erforderlich ist. Die Verarbeitung erfolgt&hellip;&nbsp;<a href=\"https:\/\/lilievital.de\/?page_id=3\" rel=\"bookmark\"><span class=\"screen-reader-text\">Datenschutzerkl\u00e4rung<\/span><\/a><\/p>\n","protected":false},"author":1,"featured_media":0,"parent":0,"menu_order":0,"comment_status":"closed","ping_status":"open","template":"","meta":{"neve_meta_sidebar":"","neve_meta_container":"","neve_meta_enable_content_width":"","neve_meta_content_width":0,"neve_meta_title_alignment":"","neve_meta_author_avatar":"","neve_post_elements_order":"","neve_meta_disable_header":"","neve_meta_disable_footer":"","neve_meta_disable_title":"","footnotes":""},"class_list":["post-3","page","type-page","status-publish","hentry"],"_links":{"self":[{"href":"https:\/\/lilievital.de\/index.php?rest_route=\/wp\/v2\/pages\/3","targetHints":{"allow":["GET"]}}],"collection":[{"href":"https:\/\/lilievital.de\/index.php?rest_route=\/wp\/v2\/pages"}],"about":[{"href":"https:\/\/lilievital.de\/index.php?rest_route=\/wp\/v2\/types\/page"}],"author":[{"embeddable":true,"href":"https:\/\/lilievital.de\/index.php?rest_route=\/wp\/v2\/users\/1"}],"replies":[{"embeddable":true,"href":"https:\/\/lilievital.de\/index.php?rest_route=%2Fwp%2Fv2%2Fcomments&post=3"}],"version-history":[{"count":1,"href":"https:\/\/lilievital.de\/index.php?rest_route=\/wp\/v2\/pages\/3\/revisions"}],"predecessor-version":[{"id":99,"href":"https:\/\/lilievital.de\/index.php?rest_route=\/wp\/v2\/pages\/3\/revisions\/99"}],"wp:attachment":[{"href":"https:\/\/lilievital.de\/index.php?rest_route=%2Fwp%2Fv2%2Fmedia&parent=3"}],"curies":[{"name":"wp","href":"https:\/\/api.w.org\/{rel}","templated":true}]}}